{"id":1046,"date":"2020-03-27T20:24:40","date_gmt":"2020-03-27T20:24:40","guid":{"rendered":"http:\/\/doisf.net\/gestao\/?page_id=1046"},"modified":"2020-08-22T18:20:00","modified_gmt":"2020-08-22T18:20:00","slug":"proposito-2f-3","status":"publish","type":"page","link":"https:\/\/doisf.net\/gestao\/?page_id=1046","title":{"rendered":"Prop\u00f3sito 2f"},"content":{"rendered":"\n<div class=\"wp-block-image\"><figure class=\"aligncenter\"><img loading=\"lazy\" decoding=\"async\" width=\"150\" height=\"150\" src=\"http:\/\/doisf.net\/gestao\/wp-content\/uploads\/2017\/10\/2f-LOGO-NOVA-PRETA-SG-150x150.jpg\" alt=\"\" class=\"wp-image-998\" srcset=\"https:\/\/doisf.net\/gestao\/wp-content\/uploads\/2017\/10\/2f-LOGO-NOVA-PRETA-SG-150x150.jpg 150w, https:\/\/doisf.net\/gestao\/wp-content\/uploads\/2017\/10\/2f-LOGO-NOVA-PRETA-SG-300x300.jpg 300w, https:\/\/doisf.net\/gestao\/wp-content\/uploads\/2017\/10\/2f-LOGO-NOVA-PRETA-SG.jpg 701w\" sizes=\"(max-width: 150px) 100vw, 150px\" \/><\/figure><\/div>\n\n\n\n<p class=\"has-text-align-center has-very-light-gray-background-color has-background has-medium-font-size\"><strong>VIS\u00c3O<\/strong><\/p>\n\n\n\n<p>Ser refer\u00eancia na cria\u00e7\u00e3o de valor em solu\u00e7\u00f5es de gest\u00e3o.<\/p>\n\n\n\n<p class=\"has-text-align-center has-very-light-gray-background-color has-background has-medium-font-size\"><strong>MISS\u00c3O<\/strong><\/p>\n\n\n\n<p>Promover a aplica\u00e7\u00e3o do conhecimento por meio de solu\u00e7\u00f5es de gest\u00e3o capazes de satisfazer seus clientes e colaboradores atrav\u00e9s da aplica\u00e7\u00e3o das Tecnologias.<\/p>\n\n\n\n<p class=\"has-text-align-center has-very-light-gray-background-color has-background has-medium-font-size\"><strong>VALORES CULTURAIS<\/strong><\/p>\n\n\n\n<p class=\"has-text-align-center\">Comprometimento com os resultados.<\/p>\n\n\n\n<p class=\"has-text-align-center\">Paix\u00e3o pela evolu\u00e7\u00e3o e desafios.<\/p>\n\n\n\n<p class=\"has-text-align-center\">Busca da inova\u00e7\u00e3o.<\/p>\n\n\n\n<p class=\"has-text-align-center\">Foco nos clientes.<\/p>\n\n\n\n<p class=\"has-text-align-center\">Respeito e valoriza\u00e7\u00e3o das pessoas.<\/p>\n\n\n\n<p class=\"has-text-align-center has-very-light-gray-background-color has-background has-medium-font-size\"><strong>\u201cPENSE NA SUA GEST\u00c3O\u201d<\/strong><\/p>\n\n\n\n<p>Com a aplica\u00e7\u00e3o de estrat\u00e9gias desenvolvidas e direcionadas a resultados atrav\u00e9s de um adequado planejamento, a sua empresa poder\u00e1 tomar decis\u00f5es de crescimento, melhorias, adequa\u00e7\u00f5es e uma gest\u00e3o de controle.<\/p>\n\n\n\n<p>Este trabalho \u00e9 realizado a partir de um planejamento com etapas bem definidas que incluem a implanta\u00e7\u00e3o e desenvolvimento de metodologias com ferramentas de An\u00e1lise &amp; Diagn\u00f3stico, Planejamento Estrat\u00e9gico, Plano de A\u00e7\u00f5es, Pesquisas, Melhoria Continua e Aprendizagem Organizacional com o uso das TIC (Tecnologias da Informa\u00e7\u00e3o e Comunica\u00e7\u00e3o).<\/p>\n\n\n\n<div class=\"wp-block-button alignleft\"><a class=\"wp-block-button__link has-background\" href=\"http:\/\/doisf.net\/gestao\/?page_id=2\" style=\"background-color:#ff7400\">Solu\u00e7\u00f5es <em>2f<\/em><\/a><\/div>\n\n\n\n<p><\/p>\n","protected":false},"excerpt":{"rendered":"<p>VIS\u00c3O Ser refer\u00eancia na cria\u00e7\u00e3o de valor em solu\u00e7\u00f5es de gest\u00e3o. MISS\u00c3O Promover a aplica\u00e7\u00e3o do conhecimento por meio de solu\u00e7\u00f5es de gest\u00e3o capazes de satisfazer seus clientes e colaboradores atrav\u00e9s da aplica\u00e7\u00e3o das Tecnologias. VALORES CULTURAIS Comprometimento com os resultados. Paix\u00e3o pela evolu\u00e7\u00e3o e desafios. Busca da inova\u00e7\u00e3o. Foco nos clientes. Respeito e valoriza\u00e7\u00e3o [&hellip;]<\/p>\n","protected":false},"author":1,"featured_media":0,"parent":0,"menu_order":0,"comment_status":"closed","ping_status":"closed","template":"","meta":{"_monsterinsights_skip_tracking":false,"_monsterinsights_sitenote_active":false,"_monsterinsights_sitenote_note":"","_monsterinsights_sitenote_category":0,"footnotes":""},"aioseo_notices":[],"_links":{"self":[{"href":"https:\/\/doisf.net\/gestao\/index.php?rest_route=\/wp\/v2\/pages\/1046"}],"collection":[{"href":"https:\/\/doisf.net\/gestao\/index.php?rest_route=\/wp\/v2\/pages"}],"about":[{"href":"https:\/\/doisf.net\/gestao\/index.php?rest_route=\/wp\/v2\/types\/page"}],"author":[{"embeddable":true,"href":"https:\/\/doisf.net\/gestao\/index.php?rest_route=\/wp\/v2\/users\/1"}],"replies":[{"embeddable":true,"href":"https:\/\/doisf.net\/gestao\/index.php?rest_route=%2Fwp%2Fv2%2Fcomments&post=1046"}],"version-history":[{"count":4,"href":"https:\/\/doisf.net\/gestao\/index.php?rest_route=\/wp\/v2\/pages\/1046\/revisions"}],"predecessor-version":[{"id":1177,"href":"https:\/\/doisf.net\/gestao\/index.php?rest_route=\/wp\/v2\/pages\/1046\/revisions\/1177"}],"wp:attachment":[{"href":"https:\/\/doisf.net\/gestao\/index.php?rest_route=%2Fwp%2Fv2%2Fmedia&parent=1046"}],"curies":[{"name":"wp","href":"https:\/\/api.w.org\/{rel}","templated":true}]}}