{"id":1085,"date":"2020-03-27T21:42:50","date_gmt":"2020-03-27T21:42:50","guid":{"rendered":"http:\/\/doisf.net\/gestao\/?page_id=1085"},"modified":"2020-08-22T18:14:34","modified_gmt":"2020-08-22T18:14:34","slug":"ol2f","status":"publish","type":"page","link":"https:\/\/doisf.net\/gestao\/?page_id=1085","title":{"rendered":"OL2f"},"content":{"rendered":"\n<figure class=\"wp-block-image\"><img loading=\"lazy\" decoding=\"async\" width=\"1024\" height=\"321\" src=\"http:\/\/doisf.net\/gestao\/wp-content\/uploads\/2019\/10\/OL2f-Fundo-3-1024x321.jpg\" alt=\"\" class=\"wp-image-1016\" srcset=\"https:\/\/doisf.net\/gestao\/wp-content\/uploads\/2019\/10\/OL2f-Fundo-3-1024x321.jpg 1024w, https:\/\/doisf.net\/gestao\/wp-content\/uploads\/2019\/10\/OL2f-Fundo-3-150x47.jpg 150w, https:\/\/doisf.net\/gestao\/wp-content\/uploads\/2019\/10\/OL2f-Fundo-3-300x94.jpg 300w, https:\/\/doisf.net\/gestao\/wp-content\/uploads\/2019\/10\/OL2f-Fundo-3-768x241.jpg 768w, https:\/\/doisf.net\/gestao\/wp-content\/uploads\/2019\/10\/OL2f-Fundo-3.jpg 1583w\" sizes=\"(max-width: 1024px) 100vw, 1024px\" \/><\/figure>\n\n\n\n<p>A OL2f (Organizational Learning <em>2f<\/em>) \u00e9 a divis\u00e3o da <em>2f<\/em> de tecnologia em Aprendizagem Organizacional. <\/p>\n\n\n\n<p>Atrav\u00e9s da utiliza\u00e7\u00e3o das TIC (Tecnologias da Informa\u00e7\u00e3o e Comunica\u00e7\u00e3o) as atividades de Consultoria e Treinamento, que s\u00e3o ess\u00eancias na participa\u00e7\u00e3o da gest\u00e3o das empresas,  podem ser facilitadas tendo como base a disponibilidade das informa\u00e7\u00f5es atualizadas com a interatividade de profissionais especialistas, fazendo a gera\u00e7\u00e3o do conhecimento a partir da Aprendizagem Organizacional.<\/p>\n\n\n\n<p>A Aprendizagem Organizacional aparece com o papel fundamental do ser humano para se ter um diferencial organizacional, sendo o respons\u00e1vel pela excel\u00eancia nos processos, no ambiente competitivo e no alcance dos objetivos empresarias. <\/p>\n\n\n\n<p class=\"has-text-align-center has-very-light-gray-background-color has-background has-medium-font-size\">Como \u00e9 o m\u00e9todo de trabalho?<\/p>\n\n\n\n<p>Os processos de Consultorias e Treinamentos OL2f consistem na minimiza\u00e7\u00e3o das distancias do conhecimento com a maximiza\u00e7\u00e3o da interatividade com as especialidades, sempre utilizando as TIC. <\/p>\n\n\n\n<p class=\"has-text-align-center has-black-color has-text-color has-background has-medium-font-size\" style=\"background-color:#ff7400\">&#8220;Minimizando as Dist\u00e2ncias e Maximizando a Interatividade&#8221;<\/p>\n\n\n\n<p>Estes processos se baseiam no formato de <em>Coaching<\/em>, onde o especialista e os profissionais da empresa utilizam ferramentas de interatividade. Assim, o <em>Coach<\/em> n\u00e3o precisa estar presencialmente para desenvolver os trabalhos. Estando presente atrav\u00e9s de ferramentas de comunica\u00e7\u00e3o e planejamento, mesmo a distancia mantendo a personaliza\u00e7\u00e3o e a qualidade das necessidades da sua empresa.   <\/p>\n\n\n\n<p>A Aprendizagem\nOrganizacional possui como elementos:<\/p>\n\n\n\n<ol><li>A interatividade entre as pessoas (coletivo);<\/li><li>A vis\u00e3o processual (desenvolvimento cont\u00ednuo);<\/li><li>A \u00eanfase nas pr\u00e1ticas no trabalho. <\/li><\/ol>\n\n\n\n<p>Para gerir o processo de aprendizado \u00e9 necess\u00e1rio levar em considera\u00e7\u00e3o que o conhecimento aconte\u00e7a atrav\u00e9s de um conjunto de pr\u00e1ticas, sendo uma dependente da outra para que seja compartilhado um aprendizado efetivo.<\/p>\n\n\n\n<p>Para a gera\u00e7\u00e3o do conhecimento \u00e9 necess\u00e1rios que estas atividades de Consultoria e Treinamento sejam formatados para atender as necessidades estrat\u00e9gicas das empresas e realmente possam contribuir com os resultados que se espera. <\/p>\n\n\n\n<p>As An\u00e1lises &amp; Diagn\u00f3sticos, bem como os Treinamentos espec\u00edficos s\u00e3o baseados para a adequada gera\u00e7\u00e3o da gest\u00e3o da informa\u00e7\u00e3o para tomadas de decis\u00f5es mais assertivas, e ao desenvolvimento da Gest\u00e3o do Conhecimento.<\/p>\n\n\n\n<p class=\"has-text-align-center has-very-light-gray-background-color has-background has-medium-font-size\">\u00c1reas de Atua\u00e7\u00e3o OL2f em Consultoria e Treinamento:<\/p>\n\n\n\n<ul><li>Gest\u00e3o de\u00a0<em>Facilities<\/em>: Manuten\u00e7\u00e3o Predial,\u00a0<em>Utilities<\/em>\u00a0e Servi\u00e7os.<\/li><li>Gest\u00e3o da Manuten\u00e7\u00e3o Industrial<\/li><li>Gest\u00e3o Estrat\u00e9gica<\/li><li>Gest\u00e3o de Terceiros<\/li><li>Gest\u00e3o de Materiais<\/li><li>Aprendizagem Organizacional<\/li><li>Gest\u00e3o da Informa\u00e7\u00e3o<\/li><li>Gest\u00e3o do Conhecimento<\/li><li>Pesquisas Gerenciais (ambiente interno e externo)<\/li><\/ul>\n\n\n\n<div class=\"wp-block-button aligncenter\"><a class=\"wp-block-button__link has-background\" href=\"http:\/\/doisf.net\/gestao\/?page_id=1133\" style=\"background-color:#ff7400\"><em>Facilities<\/em> <em>2f<\/em><\/a><\/div>\n\n\n\n<p class=\"has-text-align-center has-very-light-gray-background-color has-background has-medium-font-size\">Principais Atividades OL2f:<\/p>\n\n\n\n<ul><li>An\u00e1lise &amp; Diagn\u00f3stico<\/li><li>Organiza\u00e7\u00e3o e Estrutura\u00e7\u00e3o das \u00c1reas<\/li><li>Implanta\u00e7\u00e3o de Ferramentas de Gest\u00e3o<\/li><li>Desenvolvimento de Planejamento Estrat\u00e9gico para as \u00c1reas<\/li><li>Or\u00e7amento Empresarial<\/li><li>Projetos Pilotos (Planejamento, Pessoas, Sistemas de Gerenciamento, etc.)<\/li><li>Planejamento, Programa\u00e7\u00e3o e Controle<\/li><li>Indicadores de Performance (KPI)<\/li><li>Otimiza\u00e7\u00e3o<\/li><li>Terceiriza\u00e7\u00e3o (Contrata\u00e7\u00e3o, Implanta\u00e7\u00e3o e Gest\u00e3o)<\/li><li>Desenvolvimento de Pesquisas em Ambientes Internos e Externos<\/li><\/ul>\n\n\n\n<p>  <\/p>\n\n\n\n<div class=\"wp-block-button alignleft\"><a class=\"wp-block-button__link has-background\" href=\"http:\/\/doisf.net\/gestao\/?page_id=2\" style=\"background-color:#ff7400\">Solu\u00e7\u00f5es <em>2f<\/em><\/a><\/div>\n\n\n\n<div class=\"wp-block-buttons is-layout-flex wp-block-buttons-is-layout-flex\">\n<div class=\"wp-block-button\"><a class=\"wp-block-button__link has-background\" href=\"http:\/\/doisf.net\/gestao\/?page_id=1163\" style=\"background-color:#ff7400\">A&amp;D Flex<\/a><\/div>\n<\/div>\n\n\n\n<p><\/p>\n","protected":false},"excerpt":{"rendered":"<p>A OL2f (Organizational Learning 2f) \u00e9 a divis\u00e3o da 2f de tecnologia em Aprendizagem Organizacional. Atrav\u00e9s da utiliza\u00e7\u00e3o das TIC (Tecnologias da Informa\u00e7\u00e3o e Comunica\u00e7\u00e3o) as atividades de Consultoria e Treinamento, que s\u00e3o ess\u00eancias na participa\u00e7\u00e3o da gest\u00e3o das empresas, podem ser facilitadas tendo como base a disponibilidade das informa\u00e7\u00f5es atualizadas com a interatividade de [&hellip;]<\/p>\n","protected":false},"author":1,"featured_media":1016,"parent":0,"menu_order":0,"comment_status":"closed","ping_status":"closed","template":"","meta":{"_monsterinsights_skip_tracking":false,"_monsterinsights_sitenote_active":false,"_monsterinsights_sitenote_note":"","_monsterinsights_sitenote_category":0,"footnotes":""},"aioseo_notices":[],"_links":{"self":[{"href":"https:\/\/doisf.net\/gestao\/index.php?rest_route=\/wp\/v2\/pages\/1085"}],"collection":[{"href":"https:\/\/doisf.net\/gestao\/index.php?rest_route=\/wp\/v2\/pages"}],"about":[{"href":"https:\/\/doisf.net\/gestao\/index.php?rest_route=\/wp\/v2\/types\/page"}],"author":[{"embeddable":true,"href":"https:\/\/doisf.net\/gestao\/index.php?rest_route=\/wp\/v2\/users\/1"}],"replies":[{"embeddable":true,"href":"https:\/\/doisf.net\/gestao\/index.php?rest_route=%2Fwp%2Fv2%2Fcomments&post=1085"}],"version-history":[{"count":14,"href":"https:\/\/doisf.net\/gestao\/index.php?rest_route=\/wp\/v2\/pages\/1085\/revisions"}],"predecessor-version":[{"id":1175,"href":"https:\/\/doisf.net\/gestao\/index.php?rest_route=\/wp\/v2\/pages\/1085\/revisions\/1175"}],"wp:featuredmedia":[{"embeddable":true,"href":"https:\/\/doisf.net\/gestao\/index.php?rest_route=\/wp\/v2\/media\/1016"}],"wp:attachment":[{"href":"https:\/\/doisf.net\/gestao\/index.php?rest_route=%2Fwp%2Fv2%2Fmedia&parent=1085"}],"curies":[{"name":"wp","href":"https:\/\/api.w.org\/{rel}","templated":true}]}}