{"id":1133,"date":"2020-04-23T23:02:06","date_gmt":"2020-04-23T23:02:06","guid":{"rendered":"http:\/\/doisf.net\/gestao\/?page_id=1133"},"modified":"2020-08-22T18:17:42","modified_gmt":"2020-08-22T18:17:42","slug":"gestao-de-facilities","status":"publish","type":"page","link":"https:\/\/doisf.net\/gestao\/?page_id=1133","title":{"rendered":"Gest\u00e3o de Facilities"},"content":{"rendered":"\n<h3 class=\"has-white-color has-text-color has-background wp-block-heading\" style=\"background-color:#ff7400\">Intelig\u00eancia <em>2f<\/em> em <em>Facilities<\/em><\/h3>\n\n\n\n<p>A Intelig\u00eancia <em>2f<\/em> em <em>Facilities<\/em> tem como base proporcionar ao cliente uma gest\u00e3o remota de apoio ao gestor de <em>facilities<\/em> quanto ao uso da gest\u00e3o da informa\u00e7\u00e3o e a gest\u00e3o do conhecimento. <\/p>\n\n\n\n<p>Preparada aos novos tempos, a aplica\u00e7\u00e3o da tecnologia da informa\u00e7\u00e3o e comunica\u00e7\u00e3o (TIC) \u00e9 o apoio para o desenvolvimento da gest\u00e3o remota.<\/p>\n\n\n\n<p class=\"has-text-align-center has-black-color has-text-color has-background has-medium-font-size\" style=\"background-color:#ff7400\"><strong> \u201cMinimizando as Dist\u00e2ncias e Maximizando a Interatividade\u201d <\/strong><\/p>\n\n\n\n<p>As etapas da Intelig\u00eancia <em>2f<\/em> em <em>Facilities <\/em>se complementam conforme as necessidades da empresa e podem ser desenvolvidas individualmente ou pelo conjunto das etapas. <\/p>\n\n\n\n<figure class=\"wp-block-image\"><img loading=\"lazy\" decoding=\"async\" width=\"769\" height=\"1024\" src=\"http:\/\/doisf.net\/gestao\/wp-content\/uploads\/2020\/04\/OL2f-Intelig\u00eancia-Facilities-769x1024.jpg\" alt=\"\" class=\"wp-image-1134\" srcset=\"https:\/\/doisf.net\/gestao\/wp-content\/uploads\/2020\/04\/OL2f-Intelig\u00eancia-Facilities-769x1024.jpg 769w, https:\/\/doisf.net\/gestao\/wp-content\/uploads\/2020\/04\/OL2f-Intelig\u00eancia-Facilities-113x150.jpg 113w, https:\/\/doisf.net\/gestao\/wp-content\/uploads\/2020\/04\/OL2f-Intelig\u00eancia-Facilities-225x300.jpg 225w, https:\/\/doisf.net\/gestao\/wp-content\/uploads\/2020\/04\/OL2f-Intelig\u00eancia-Facilities-768x1023.jpg 768w, https:\/\/doisf.net\/gestao\/wp-content\/uploads\/2020\/04\/OL2f-Intelig\u00eancia-Facilities.jpg 1251w\" sizes=\"(max-width: 769px) 100vw, 769px\" \/><\/figure>\n\n\n\n<p>A An\u00e1lise &amp; Diagn\u00f3stico da \u00e1rea de <em>facilities<\/em> tem como objetivo avaliar a situa\u00e7\u00e3o da empresa em termos estrat\u00e9gicos para a implanta\u00e7\u00e3o adequada do sistema de gest\u00e3o. Seguindo pela implanta\u00e7\u00e3o, equaliza\u00e7\u00e3o dos conceitos para a equipe e para a empresa, treinamentos operacionais e an\u00e1lises gerenciais. Mas, \u00e9 com as atividades de &#8220;suporte em gest\u00e3o&#8221; e a &#8220;gest\u00e3o do conhecimento&#8221; em que a Inteligencia da <em>2f (<\/em>consultores especialistas nas diversas \u00e1reas em manuten\u00e7\u00e3o predial e <em>utilities<\/em>), trabalha em conson\u00e2ncia com os gestores das empresas a partir de plataformas remotas e tecnologias pr\u00f3prias de informa\u00e7\u00e3o e comunica\u00e7\u00e3o (TIC).   <\/p>\n\n\n\n<div class=\"wp-block-button alignleft\"><a class=\"wp-block-button__link has-background\" href=\"http:\/\/doisf.net\/gestao\/?page_id=1085\" style=\"background-color:#ff7400\">OL2f<\/a><\/div>\n\n\n\n<p><\/p>\n","protected":false},"excerpt":{"rendered":"<p>Intelig\u00eancia 2f em Facilities A Intelig\u00eancia 2f em Facilities tem como base proporcionar ao cliente uma gest\u00e3o remota de apoio ao gestor de facilities quanto ao uso da gest\u00e3o da informa\u00e7\u00e3o e a gest\u00e3o do conhecimento. Preparada aos novos tempos, a aplica\u00e7\u00e3o da tecnologia da informa\u00e7\u00e3o e comunica\u00e7\u00e3o (TIC) \u00e9 o apoio para o desenvolvimento [&hellip;]<\/p>\n","protected":false},"author":1,"featured_media":1142,"parent":1085,"menu_order":0,"comment_status":"closed","ping_status":"closed","template":"","meta":{"_monsterinsights_skip_tracking":false,"_monsterinsights_sitenote_active":false,"_monsterinsights_sitenote_note":"","_monsterinsights_sitenote_category":0,"footnotes":""},"aioseo_notices":[],"_links":{"self":[{"href":"https:\/\/doisf.net\/gestao\/index.php?rest_route=\/wp\/v2\/pages\/1133"}],"collection":[{"href":"https:\/\/doisf.net\/gestao\/index.php?rest_route=\/wp\/v2\/pages"}],"about":[{"href":"https:\/\/doisf.net\/gestao\/index.php?rest_route=\/wp\/v2\/types\/page"}],"author":[{"embeddable":true,"href":"https:\/\/doisf.net\/gestao\/index.php?rest_route=\/wp\/v2\/users\/1"}],"replies":[{"embeddable":true,"href":"https:\/\/doisf.net\/gestao\/index.php?rest_route=%2Fwp%2Fv2%2Fcomments&post=1133"}],"version-history":[{"count":6,"href":"https:\/\/doisf.net\/gestao\/index.php?rest_route=\/wp\/v2\/pages\/1133\/revisions"}],"predecessor-version":[{"id":1176,"href":"https:\/\/doisf.net\/gestao\/index.php?rest_route=\/wp\/v2\/pages\/1133\/revisions\/1176"}],"up":[{"embeddable":true,"href":"https:\/\/doisf.net\/gestao\/index.php?rest_route=\/wp\/v2\/pages\/1085"}],"wp:featuredmedia":[{"embeddable":true,"href":"https:\/\/doisf.net\/gestao\/index.php?rest_route=\/wp\/v2\/media\/1142"}],"wp:attachment":[{"href":"https:\/\/doisf.net\/gestao\/index.php?rest_route=%2Fwp%2Fv2%2Fmedia&parent=1133"}],"curies":[{"name":"wp","href":"https:\/\/api.w.org\/{rel}","templated":true}]}}