{"id":1163,"date":"2020-08-22T16:53:26","date_gmt":"2020-08-22T16:53:26","guid":{"rendered":"http:\/\/doisf.net\/gestao\/?page_id=1163"},"modified":"2020-08-22T17:26:13","modified_gmt":"2020-08-22T17:26:13","slug":"ad-flex","status":"publish","type":"page","link":"https:\/\/doisf.net\/gestao\/?page_id=1163","title":{"rendered":"A&#038;D Flex"},"content":{"rendered":"\n<p class=\"has-text-align-center has-white-color has-text-color has-background has-medium-font-size\" style=\"background-color:#ff7400\">An\u00e1lise &amp; Diagn\u00f3stico em <em>Facilities<\/em> e Manuten\u00e7\u00e3o Predial<\/p>\n\n\n<p>Para manter o processo eficiente de <em>Facilities<\/em> \u00e9 essencial equalizar os recursos periodicamente.<\/p>\n<p>A A&amp;D Flex de intelig\u00eancia 2f tem como objetivo fazer o levantamento situacional dos recursos e proporcional sugest\u00f5es de a\u00e7\u00f5es para melhorar o desempenho da \u00e1rea de <em>facilities<\/em>.<\/p>\n<p>A A&amp;D Flex \u00e9 realizada de forma r\u00e1pida e totalmente remota.<\/p>\n\n\n<figure class=\"wp-block-image size-large\"><img loading=\"lazy\" decoding=\"async\" width=\"919\" height=\"720\" src=\"http:\/\/doisf.net\/gestao\/wp-content\/uploads\/2020\/08\/WhatsApp-Image-2020-08-13-at-12.27.27.jpeg\" alt=\"\" class=\"wp-image-1164\" srcset=\"https:\/\/doisf.net\/gestao\/wp-content\/uploads\/2020\/08\/WhatsApp-Image-2020-08-13-at-12.27.27.jpeg 919w, https:\/\/doisf.net\/gestao\/wp-content\/uploads\/2020\/08\/WhatsApp-Image-2020-08-13-at-12.27.27-300x235.jpeg 300w, https:\/\/doisf.net\/gestao\/wp-content\/uploads\/2020\/08\/WhatsApp-Image-2020-08-13-at-12.27.27-150x118.jpeg 150w, https:\/\/doisf.net\/gestao\/wp-content\/uploads\/2020\/08\/WhatsApp-Image-2020-08-13-at-12.27.27-768x602.jpeg 768w\" sizes=\"(max-width: 919px) 100vw, 919px\" \/><\/figure>\n\n\n\n<div class=\"wp-block-buttons is-layout-flex wp-block-buttons-is-layout-flex\">\n<div class=\"wp-block-button is-style-fill\"><a class=\"wp-block-button__link has-white-color has-text-color has-background\" href=\"http:\/\/doisf.net\/gestao\/?page_id=1133\" style=\"background-color:#ff7400\">Intelig\u00eancia 2f <em>Facilities<\/em><\/a><\/div>\n<\/div>\n\n\n\n<p><\/p>\n","protected":false},"excerpt":{"rendered":"<p>An\u00e1lise &amp; Diagn\u00f3stico em Facilities e Manuten\u00e7\u00e3o Predial Para manter o processo eficiente de Facilities \u00e9 essencial equalizar os recursos periodicamente. A A&amp;D Flex de intelig\u00eancia 2f tem como objetivo fazer o levantamento situacional dos recursos e proporcional sugest\u00f5es de a\u00e7\u00f5es para melhorar o desempenho da \u00e1rea de facilities. A A&amp;D Flex \u00e9 realizada de [&hellip;]<\/p>\n","protected":false},"author":1,"featured_media":1164,"parent":1085,"menu_order":0,"comment_status":"closed","ping_status":"closed","template":"","meta":{"_monsterinsights_skip_tracking":false,"_monsterinsights_sitenote_active":false,"_monsterinsights_sitenote_note":"","_monsterinsights_sitenote_category":0,"footnotes":""},"aioseo_notices":[],"_links":{"self":[{"href":"https:\/\/doisf.net\/gestao\/index.php?rest_route=\/wp\/v2\/pages\/1163"}],"collection":[{"href":"https:\/\/doisf.net\/gestao\/index.php?rest_route=\/wp\/v2\/pages"}],"about":[{"href":"https:\/\/doisf.net\/gestao\/index.php?rest_route=\/wp\/v2\/types\/page"}],"author":[{"embeddable":true,"href":"https:\/\/doisf.net\/gestao\/index.php?rest_route=\/wp\/v2\/users\/1"}],"replies":[{"embeddable":true,"href":"https:\/\/doisf.net\/gestao\/index.php?rest_route=%2Fwp%2Fv2%2Fcomments&post=1163"}],"version-history":[{"count":4,"href":"https:\/\/doisf.net\/gestao\/index.php?rest_route=\/wp\/v2\/pages\/1163\/revisions"}],"predecessor-version":[{"id":1172,"href":"https:\/\/doisf.net\/gestao\/index.php?rest_route=\/wp\/v2\/pages\/1163\/revisions\/1172"}],"up":[{"embeddable":true,"href":"https:\/\/doisf.net\/gestao\/index.php?rest_route=\/wp\/v2\/pages\/1085"}],"wp:featuredmedia":[{"embeddable":true,"href":"https:\/\/doisf.net\/gestao\/index.php?rest_route=\/wp\/v2\/media\/1164"}],"wp:attachment":[{"href":"https:\/\/doisf.net\/gestao\/index.php?rest_route=%2Fwp%2Fv2%2Fmedia&parent=1163"}],"curies":[{"name":"wp","href":"https:\/\/api.w.org\/{rel}","templated":true}]}}