{"id":52,"date":"2010-08-21T11:56:10","date_gmt":"2010-08-21T11:56:10","guid":{"rendered":"http:\/\/doisf.net\/gestao\/?page_id=52"},"modified":"2020-04-24T15:00:44","modified_gmt":"2020-04-24T15:00:44","slug":"consultoria-e-assessoria","status":"publish","type":"page","link":"https:\/\/doisf.net\/gestao\/?page_id=52","title":{"rendered":"Consultoria e Servi\u00e7o 2f"},"content":{"rendered":"\n<figure class=\"wp-block-image\"><img loading=\"lazy\" decoding=\"async\" width=\"800\" height=\"450\" src=\"http:\/\/doisf.net\/gestao\/wp-content\/uploads\/2019\/10\/canvasLog5-e1570821093903.jpg\" alt=\"\" class=\"wp-image-1013\"\/><\/figure>\n\n\n\n<p class=\"has-medium-font-size\">A <em>2f<\/em> desenvolve atividades de Consultorias e Servi\u00e7os de acordo com a necessidade do cliente.<\/p>\n\n\n\n<p class=\"has-background has-medium-font-size has-very-light-gray-background-color\">\u00c1reas de Atua\u00e7\u00e3o:<\/p>\n\n\n\n<ul><li>Gest\u00e3o de&nbsp;<em>Facilities<\/em>: Manuten\u00e7\u00e3o Predial,&nbsp;<em>Utilities<\/em>&nbsp;e Servi\u00e7os.<\/li><li>Gest\u00e3o da Manuten\u00e7\u00e3o Industrial<\/li><li>Gest\u00e3o Estrat\u00e9gica<\/li><li>Gest\u00e3o de Terceiros<\/li><li>Gest\u00e3o de Materiais<\/li><li>Aprendizagem Organizacional<\/li><li>Gest\u00e3o da Informa\u00e7\u00e3o<\/li><li>Gest\u00e3o do Conhecimento<\/li><li>Pesquisas Gerenciais (ambiente interno e externo)<\/li><\/ul>\n\n\n\n<p class=\"has-background has-medium-font-size has-very-light-gray-background-color\">Principais Atividades:<\/p>\n\n\n\n<ul><li>An\u00e1lise &amp; Diagn\u00f3stico<\/li><li>Organiza\u00e7\u00e3o e Estrutura\u00e7\u00e3o das \u00c1reas<\/li><li>Implanta\u00e7\u00e3o de Ferramentas de Gest\u00e3o<\/li><li>Desenvolvimento de Planejamento Estrat\u00e9gico para as \u00c1reas<\/li><li>Or\u00e7amento Empresarial<\/li><li>Implanta\u00e7\u00e3o e Projetos Pilotos (Planejamento, Pessoas, Sistemas de Gerenciamento, etc.)<\/li><li>Planejamento, Programa\u00e7\u00e3o e Controle<\/li><li>Indicadores de Performance (KPI)<\/li><li>Otimiza\u00e7\u00e3o<\/li><li>Terceiriza\u00e7\u00e3o (Contrata\u00e7\u00e3o, Implanta\u00e7\u00e3o e Gest\u00e3o)<\/li><li>Desenvolvimento de Pesquisas em Ambientes Internos e Externos<\/li><li><\/li><\/ul>\n\n\n\n<p>  <\/p>\n\n\n\n<div class=\"wp-block-button aligncenter\"><a class=\"wp-block-button__link has-background has-vivid-cyan-blue-background-color\" href=\"http:\/\/doisf.net\/gestao\/?page_id=1085\">OL2f<\/a><\/div>\n","protected":false},"excerpt":{"rendered":"<p>A 2f desenvolve atividades de Consultorias e Servi\u00e7os de acordo com a necessidade do cliente. \u00c1reas de Atua\u00e7\u00e3o: Gest\u00e3o de&nbsp;Facilities: Manuten\u00e7\u00e3o Predial,&nbsp;Utilities&nbsp;e Servi\u00e7os. Gest\u00e3o da Manuten\u00e7\u00e3o Industrial Gest\u00e3o Estrat\u00e9gica Gest\u00e3o de Terceiros Gest\u00e3o de Materiais Aprendizagem Organizacional Gest\u00e3o da Informa\u00e7\u00e3o Gest\u00e3o do Conhecimento Pesquisas Gerenciais (ambiente interno e externo) Principais Atividades: An\u00e1lise &amp; Diagn\u00f3stico Organiza\u00e7\u00e3o [&hellip;]<\/p>\n","protected":false},"author":1,"featured_media":0,"parent":2,"menu_order":0,"comment_status":"closed","ping_status":"open","template":"","meta":{"_monsterinsights_skip_tracking":false,"_monsterinsights_sitenote_active":false,"_monsterinsights_sitenote_note":"","_monsterinsights_sitenote_category":0,"footnotes":""},"aioseo_notices":[],"_links":{"self":[{"href":"https:\/\/doisf.net\/gestao\/index.php?rest_route=\/wp\/v2\/pages\/52"}],"collection":[{"href":"https:\/\/doisf.net\/gestao\/index.php?rest_route=\/wp\/v2\/pages"}],"about":[{"href":"https:\/\/doisf.net\/gestao\/index.php?rest_route=\/wp\/v2\/types\/page"}],"author":[{"embeddable":true,"href":"https:\/\/doisf.net\/gestao\/index.php?rest_route=\/wp\/v2\/users\/1"}],"replies":[{"embeddable":true,"href":"https:\/\/doisf.net\/gestao\/index.php?rest_route=%2Fwp%2Fv2%2Fcomments&post=52"}],"version-history":[{"count":15,"href":"https:\/\/doisf.net\/gestao\/index.php?rest_route=\/wp\/v2\/pages\/52\/revisions"}],"predecessor-version":[{"id":1127,"href":"https:\/\/doisf.net\/gestao\/index.php?rest_route=\/wp\/v2\/pages\/52\/revisions\/1127"}],"up":[{"embeddable":true,"href":"https:\/\/doisf.net\/gestao\/index.php?rest_route=\/wp\/v2\/pages\/2"}],"wp:attachment":[{"href":"https:\/\/doisf.net\/gestao\/index.php?rest_route=%2Fwp%2Fv2%2Fmedia&parent=52"}],"curies":[{"name":"wp","href":"https:\/\/api.w.org\/{rel}","templated":true}]}}